{"id":951,"date":"2026-02-11T13:16:37","date_gmt":"2026-02-11T13:16:37","guid":{"rendered":"https:\/\/ferienpassbonaduz.ch\/?page_id=951"},"modified":"2026-02-18T18:19:46","modified_gmt":"2026-02-18T18:19:46","slug":"begleitpersonen","status":"publish","type":"page","link":"https:\/\/ferienpassbonaduz.ch\/index.php\/begleitpersonen\/","title":{"rendered":"Begleitpersonen"},"content":{"rendered":"\n<p>Das vielseitige Ferien(s)pass-Angebot mit in der Regel \u00fcber 60 Kursen l\u00e4sst sich nur durchf\u00fchren, wenn alle mithelfen. Dazu geh\u00f6rt, dass die Kindergruppen bei Ausfl\u00fcgen von gen\u00fcgend Erwachsenen begleitet werden. Im Interesse der Kinder z\u00e4hlen wir auf deine Bereitschaft, dich f\u00fcr <strong>einen<\/strong> (bis 5 angemeldete Kurse <strong>pro Kind<\/strong>) <strong>oder zwei<\/strong> (\u00fcber 5 angemeldete Kurse <strong>pro Kind<\/strong>) als Begleitperson zur Verf\u00fcgung zu stellen und\/oder einen Fahrdienst zu \u00fcbernehmen. Bei mehreren Kindern zwingend verschiedene Begleitkurse angeben. <strong>Wir behalten uns vor, Kurse abzusagen, wenn die Begleitung der Kinder nicht sichergestellt werden kann.<\/strong><\/p>\n\n\n\n<p>Grosseltern, G\u00f6ttis, Gottis und ggf. auch dem Ferien(s)pass \u00abentwachsene\u00bb Teenager sind ebenso herzlich willkommen. Der Lohn: einmalige Erlebnisse beim Ferien(s)pass.<\/p>\n\n\n\n<p>F\u00fcr Begleitpersonen entstehen selbstverst\u00e4ndlich keinerlei Kosten. Sie bekommen ein personalisiertes B\u00dcGA, welches ausschliesslich f\u00fcr die Begleitung von Ferien(s)pass-Kursen g\u00fcltig ist. Dieses wird per E-Mail zugestellt. Wir ben\u00f6tigen daf\u00fcr Name, Vorname und Geburtsdatum der Begleitperson.<\/p>\n\n\n\n<p><strong>Aufgaben einer Begleitperson<\/strong><\/p>\n\n\n\n<p>Als Begleitperson erh\u00e4ltst du alle n\u00f6tigen Infos vor dem Kurs: Reiseplanung, Kursort, teilnehmende Kinder, Ansprechpartner usw. Deine Aufgabe ist es, auf die Kinder zu schauen, wie du es auch bei Ausfl\u00fcgen mit deiner Familie tust. Nur Kinder, die auf der Kursliste stehen, d\u00fcrfen mitgenommen werden. Wir achten darauf, dass bei jedem Kurs gen\u00fcgend Begleitpersonen dabei sind.<\/p>\n\n\n\n<p>W\u00e4hrend des Kurses ist es uns wichtig, dass wir Bonaduzer einen guten Eindruck bei den Kursleitenden hinterlassen. F\u00fcr alle Fragen, Informationen und bei Problemen steht dir jederzeit die Ansprechperson des jeweiligen Kurses zur Verf\u00fcgung.<\/p>\n\n\n\n<p><strong>An- bzw. Abmeldung<\/strong><\/p>\n\n\n\n<p>Bei der Kursbuchung gibt es ein Feld, bei dem sich Eltern als Begleitperson anmelden k\u00f6nnen. Bitte alle m\u00f6glichen Kurse angeben, die du begleiten k\u00f6nntest. <strong>Pro Kind<\/strong> wirst du dann f\u00fcr <strong>einen <\/strong>(bis 5 angemeldete Kurse) <strong>oder zwei<\/strong> (\u00fcber 5) Kurse eingeteilt. Mit der Kursbest\u00e4tigung, die im Juni versendet wird, wirst du informiert, welche Kurse du begleitest. Rechtzeitig vor dem Kurs erh\u00e4ltst du von der Ansprechperson alle notwendigen Informationen. Solltest du doch verhindert sein, melde dich bitte so fr\u00fch wie m\u00f6glich bei der jeweiligen Ansprechperson des Kurses ab, mit Angabe einer Ersatzbegleitperson.<\/p>\n\n\n","protected":false},"excerpt":{"rendered":"<p>Das vielseitige Ferien(s)pass-Angebot mit in der Regel \u00fcber 60 Kursen l\u00e4sst sich nur durchf\u00fchren, wenn alle mithelfen. Dazu geh\u00f6rt, dass [&hellip;]<\/p>\n","protected":false},"author":1,"featured_media":0,"parent":0,"menu_order":0,"comment_status":"closed","ping_status":"closed","template":"","meta":{"site-sidebar-layout":"default","site-content-layout":"","ast-site-content-layout":"","site-content-style":"default","site-sidebar-style":"default","ast-global-header-display":"","ast-banner-title-visibility":"","ast-main-header-display":"","ast-hfb-above-header-display":"","ast-hfb-below-header-display":"","ast-hfb-mobile-header-display":"","site-post-title":"","ast-breadcrumbs-content":"","ast-featured-img":"","footer-sml-layout":"","theme-transparent-header-meta":"","adv-header-id-meta":"","stick-header-meta":"","header-above-stick-meta":"","header-main-stick-meta":"","header-below-stick-meta":"","astra-migrate-meta-layouts":"default","ast-page-background-enabled":"default","ast-page-background-meta":{"desktop":{"background-color":"var(--ast-global-color-5)","background-image":"","background-repeat":"repeat","background-position":"center center","background-size":"auto","background-attachment":"scroll","background-type":"","background-media":"","overlay-type":"","overlay-color":"","overlay-opacity":"","overlay-gradient":""},"tablet":{"background-color":"","background-image":"","background-repeat":"repeat","background-position":"center center","background-size":"auto","background-attachment":"scroll","background-type":"","background-media":"","overlay-type":"","overlay-color":"","overlay-opacity":"","overlay-gradient":""},"mobile":{"background-color":"","background-image":"","background-repeat":"repeat","background-position":"center center","background-size":"auto","background-attachment":"scroll","background-type":"","background-media":"","overlay-type":"","overlay-color":"","overlay-opacity":"","overlay-gradient":""}},"ast-content-background-meta":{"desktop":{"background-color":"var(--ast-global-color-4)","background-image":"","background-repeat":"repeat","background-position":"center center","background-size":"auto","background-attachment":"scroll","background-type":"","background-media":"","overlay-type":"","overlay-color":"","overlay-opacity":"","overlay-gradient":""},"tablet":{"background-color":"var(--ast-global-color-4)","background-image":"","background-repeat":"repeat","background-position":"center center","background-size":"auto","background-attachment":"scroll","background-type":"","background-media":"","overlay-type":"","overlay-color":"","overlay-opacity":"","overlay-gradient":""},"mobile":{"background-color":"var(--ast-global-color-4)","background-image":"","background-repeat":"repeat","background-position":"center center","background-size":"auto","background-attachment":"scroll","background-type":"","background-media":"","overlay-type":"","overlay-color":"","overlay-opacity":"","overlay-gradient":""}},"footnotes":""},"class_list":["post-951","page","type-page","status-publish","hentry"],"jetpack_sharing_enabled":true,"_links":{"self":[{"href":"https:\/\/ferienpassbonaduz.ch\/index.php\/wp-json\/wp\/v2\/pages\/951","targetHints":{"allow":["GET"]}}],"collection":[{"href":"https:\/\/ferienpassbonaduz.ch\/index.php\/wp-json\/wp\/v2\/pages"}],"about":[{"href":"https:\/\/ferienpassbonaduz.ch\/index.php\/wp-json\/wp\/v2\/types\/page"}],"author":[{"embeddable":true,"href":"https:\/\/ferienpassbonaduz.ch\/index.php\/wp-json\/wp\/v2\/users\/1"}],"replies":[{"embeddable":true,"href":"https:\/\/ferienpassbonaduz.ch\/index.php\/wp-json\/wp\/v2\/comments?post=951"}],"version-history":[{"count":7,"href":"https:\/\/ferienpassbonaduz.ch\/index.php\/wp-json\/wp\/v2\/pages\/951\/revisions"}],"predecessor-version":[{"id":983,"href":"https:\/\/ferienpassbonaduz.ch\/index.php\/wp-json\/wp\/v2\/pages\/951\/revisions\/983"}],"wp:attachment":[{"href":"https:\/\/ferienpassbonaduz.ch\/index.php\/wp-json\/wp\/v2\/media?parent=951"}],"curies":[{"name":"wp","href":"https:\/\/api.w.org\/{rel}","templated":true}]}}