{"id":322,"date":"2025-01-02T20:36:29","date_gmt":"2025-01-02T19:36:29","guid":{"rendered":"https:\/\/ferienspass-bonaduz.com\/?page_id=322"},"modified":"2025-03-17T15:07:57","modified_gmt":"2025-03-17T15:07:57","slug":"kurs-anbieten","status":"publish","type":"page","link":"https:\/\/ferienpassbonaduz.ch\/index.php\/kurs-anbieten\/","title":{"rendered":"Kurs anbieten"},"content":{"rendered":"\n<div class=\"wp-block-stackable-subtitle stk-block-subtitle stk-block stk-e6de699\" data-block-id=\"e6de699\"><style>.stk-e6de699 {bottom:-22px !important;}.stk-e6de699 .stk-block-subtitle__text{font-size:21px !important;}@media screen and (max-width: 1023px){.stk-e6de699 .stk-block-subtitle__text{font-size:21px !important;}}@media screen and (max-width: 767px){.stk-e6de699 {padding-top:0px !important;padding-right:0px !important;padding-bottom:0px !important;padding-left:0px !important;margin-bottom:35px !important;}}<\/style><p class=\"stk-block-subtitle__text stk-subtitle\"><\/p><\/div>\n\n\n\n<p style=\"border-style:none;border-width:0px;margin-top:var(--wp--preset--spacing--20);margin-right:0;margin-bottom:var(--wp--preset--spacing--20);margin-left:0\">Hast du eine gute Idee und m\u00f6chtest einen Kurs f\u00fcr den Ferien(s)pass Bonaduz anbieten? Dann erfasse bitte die ben\u00f6tigten Angaben in diesem Formular. Wir freuen uns auf deine Kontaktaufnahme und werden uns schnellstm\u00f6glich mit dir in Verbindung setzen.<\/p>\n\n\n\n<p><\/p>\n\n\n<div class=\"wpforms-container wpforms-container-full wpforms-block wpforms-block-972dc8ef-d963-408c-85cb-a522f622d419 wpforms-render-modern\" id=\"wpforms-418\"><form id=\"wpforms-form-418\" class=\"wpforms-validate wpforms-form wpforms-ajax-form\" data-formid=\"418\" method=\"post\" enctype=\"multipart\/form-data\" action=\"\/index.php\/wp-json\/wp\/v2\/pages\/322\" data-token=\"f166888201505285aeb1a5a969d2b5b3\" data-token-time=\"1776590541\"><noscript class=\"wpforms-error-noscript\">Bitte aktiviere JavaScript in deinem Browser, um dieses Formular fertigzustellen.<\/noscript><div id=\"wpforms-error-noscript\" style=\"display: none;\">Bitte aktiviere JavaScript in deinem Browser, um dieses Formular fertigzustellen.<\/div><div class=\"wpforms-field-container\"><div id=\"wpforms-418-field_1-container\" class=\"wpforms-field wpforms-field-text\" data-field-id=\"1\"><label class=\"wpforms-field-label\" for=\"wpforms-418-field_1\">Kurstitel <span class=\"wpforms-required-label\" aria-hidden=\"true\">*<\/span><\/label><input type=\"text\" id=\"wpforms-418-field_1\" class=\"wpforms-field-large wpforms-field-required\" name=\"wpforms[fields][1]\" aria-errormessage=\"wpforms-418-field_1-error\" required><\/div><div id=\"wpforms-418-field_2-container\" class=\"wpforms-field wpforms-field-textarea\" data-field-id=\"2\"><label class=\"wpforms-field-label\" for=\"wpforms-418-field_2\">Kurze Kursbeschreibung <span class=\"wpforms-required-label\" aria-hidden=\"true\">*<\/span><\/label><textarea id=\"wpforms-418-field_2\" class=\"wpforms-field-medium wpforms-field-required\" name=\"wpforms[fields][2]\" aria-errormessage=\"wpforms-418-field_2-error\" required><\/textarea><\/div><div id=\"wpforms-418-field_3-container\" class=\"wpforms-field wpforms-field-text\" data-field-id=\"3\"><label class=\"wpforms-field-label\" for=\"wpforms-418-field_3\">Kursanbieter (Firma, Verein, etc.)<\/label><input type=\"text\" id=\"wpforms-418-field_3\" class=\"wpforms-field-large\" name=\"wpforms[fields][3]\" aria-errormessage=\"wpforms-418-field_3-error\" ><\/div><div id=\"wpforms-418-field_4-container\" class=\"wpforms-field wpforms-field-name\" data-field-id=\"4\"><fieldset><legend class=\"wpforms-field-label\">Name <span class=\"wpforms-required-label\" aria-hidden=\"true\">*<\/span><\/legend><div class=\"wpforms-field-row wpforms-field-large\"><div class=\"wpforms-field-row-block wpforms-first wpforms-one-half\"><input type=\"text\" id=\"wpforms-418-field_4\" class=\"wpforms-field-name-first wpforms-field-required\" name=\"wpforms[fields][4][first]\" aria-errormessage=\"wpforms-418-field_4-error\" required><label for=\"wpforms-418-field_4\" class=\"wpforms-field-sublabel after\">Vorname<\/label><\/div><div class=\"wpforms-field-row-block wpforms-one-half\"><input type=\"text\" id=\"wpforms-418-field_4-last\" class=\"wpforms-field-name-last wpforms-field-required\" name=\"wpforms[fields][4][last]\" aria-errormessage=\"wpforms-418-field_4-last-error\" required><label for=\"wpforms-418-field_4-last\" class=\"wpforms-field-sublabel after\">Nachname<\/label><\/div><\/div><\/fieldset><\/div><div id=\"wpforms-418-field_5-container\" class=\"wpforms-field wpforms-field-text\" data-field-id=\"5\"><label class=\"wpforms-field-label\" for=\"wpforms-418-field_5\">Telefon <span class=\"wpforms-required-label\" aria-hidden=\"true\">*<\/span><\/label><input type=\"text\" id=\"wpforms-418-field_5\" class=\"wpforms-field-large wpforms-field-required\" name=\"wpforms[fields][5]\" aria-errormessage=\"wpforms-418-field_5-error\" required><\/div><div id=\"wpforms-418-field_6-container\" class=\"wpforms-field wpforms-field-email\" data-field-id=\"6\"><label class=\"wpforms-field-label\" for=\"wpforms-418-field_6\">E-Mail-Adresse <span class=\"wpforms-required-label\" aria-hidden=\"true\">*<\/span><\/label><input type=\"email\" id=\"wpforms-418-field_6\" class=\"wpforms-field-large wpforms-field-required\" name=\"wpforms[fields][6]\" spellcheck=\"false\" aria-errormessage=\"wpforms-418-field_6-error\" required><\/div><div id=\"wpforms-418-field_7-container\" class=\"wpforms-field wpforms-field-text\" data-field-id=\"7\"><label class=\"wpforms-field-label\" for=\"wpforms-418-field_7\">Jahrg\u00e4nge von \u2013 bis <span class=\"wpforms-required-label\" aria-hidden=\"true\">*<\/span><\/label><input type=\"text\" id=\"wpforms-418-field_7\" class=\"wpforms-field-large wpforms-field-required\" name=\"wpforms[fields][7]\" aria-errormessage=\"wpforms-418-field_7-error\" required><\/div><div id=\"wpforms-418-field_8-container\" class=\"wpforms-field wpforms-field-text\" data-field-id=\"8\"><label class=\"wpforms-field-label\" for=\"wpforms-418-field_8\">Gew\u00fcnschtes Kursdatum und Zeit (von \u2013 bis) <span class=\"wpforms-required-label\" aria-hidden=\"true\">*<\/span><\/label><input type=\"text\" id=\"wpforms-418-field_8\" class=\"wpforms-field-large wpforms-field-required\" name=\"wpforms[fields][8]\" aria-errormessage=\"wpforms-418-field_8-error\" required><\/div><div id=\"wpforms-418-field_9-container\" class=\"wpforms-field wpforms-field-text\" data-field-id=\"9\"><label class=\"wpforms-field-label\" for=\"wpforms-418-field_9\">Alternativdatum und Zeit (von \u2013 bis)<\/label><input type=\"text\" id=\"wpforms-418-field_9\" class=\"wpforms-field-large\" name=\"wpforms[fields][9]\" aria-errormessage=\"wpforms-418-field_9-error\" ><\/div>\t\t<div id=\"wpforms-418-field_23-container\"\n\t\t\tclass=\"wpforms-field wpforms-field-text\"\n\t\t\tdata-field-type=\"text\"\n\t\t\tdata-field-id=\"23\"\n\t\t\t>\n\t\t\t<label class=\"wpforms-field-label\" for=\"wpforms-418-field_23\" >Ist Verein, Bemerkungen<\/label>\n\t\t\t<input type=\"text\" id=\"wpforms-418-field_23\" class=\"wpforms-field-medium\" name=\"wpforms[fields][23]\" >\n\t\t<\/div>\n\t\t<div id=\"wpforms-418-field_10-container\" class=\"wpforms-field wpforms-field-text\" data-field-id=\"10\"><label class=\"wpforms-field-label\" for=\"wpforms-418-field_10\">Kursort <span class=\"wpforms-required-label\" aria-hidden=\"true\">*<\/span><\/label><input type=\"text\" id=\"wpforms-418-field_10\" class=\"wpforms-field-large wpforms-field-required\" name=\"wpforms[fields][10]\" aria-errormessage=\"wpforms-418-field_10-error\" required><\/div><div id=\"wpforms-418-field_11-container\" class=\"wpforms-field wpforms-field-text\" data-field-id=\"11\"><label class=\"wpforms-field-label\" for=\"wpforms-418-field_11\">Treffpunkt (Ort und Zeit) <span class=\"wpforms-required-label\" aria-hidden=\"true\">*<\/span><\/label><input type=\"text\" id=\"wpforms-418-field_11\" class=\"wpforms-field-large wpforms-field-required\" name=\"wpforms[fields][11]\" aria-errormessage=\"wpforms-418-field_11-error\" required><\/div><div id=\"wpforms-418-field_12-container\" class=\"wpforms-field wpforms-field-text\" data-field-id=\"12\"><label class=\"wpforms-field-label\" for=\"wpforms-418-field_12\">Ausr\u00fcstung <span class=\"wpforms-required-label\" aria-hidden=\"true\">*<\/span><\/label><input type=\"text\" id=\"wpforms-418-field_12\" class=\"wpforms-field-large wpforms-field-required\" name=\"wpforms[fields][12]\" aria-errormessage=\"wpforms-418-field_12-error\" required><\/div><div id=\"wpforms-418-field_13-container\" class=\"wpforms-field wpforms-field-name\" data-field-id=\"13\"><fieldset><legend class=\"wpforms-field-label\">Kursleitung <span class=\"wpforms-required-label\" aria-hidden=\"true\">*<\/span><\/legend><div class=\"wpforms-field-row wpforms-field-large\"><div class=\"wpforms-field-row-block wpforms-first wpforms-one-half\"><input type=\"text\" id=\"wpforms-418-field_13\" class=\"wpforms-field-name-first wpforms-field-required\" name=\"wpforms[fields][13][first]\" aria-errormessage=\"wpforms-418-field_13-error\" required><label for=\"wpforms-418-field_13\" class=\"wpforms-field-sublabel after\">Vorname<\/label><\/div><div class=\"wpforms-field-row-block wpforms-one-half\"><input type=\"text\" id=\"wpforms-418-field_13-last\" class=\"wpforms-field-name-last wpforms-field-required\" name=\"wpforms[fields][13][last]\" aria-errormessage=\"wpforms-418-field_13-last-error\" required><label for=\"wpforms-418-field_13-last\" class=\"wpforms-field-sublabel after\">Nachname<\/label><\/div><\/div><\/fieldset><\/div><div id=\"wpforms-418-field_14-container\" class=\"wpforms-field wpforms-field-text\" data-field-id=\"14\"><label class=\"wpforms-field-label\" for=\"wpforms-418-field_14\">Telefon<\/label><input type=\"text\" id=\"wpforms-418-field_14\" class=\"wpforms-field-large\" name=\"wpforms[fields][14]\" aria-errormessage=\"wpforms-418-field_14-error\" ><\/div><div id=\"wpforms-418-field_15-container\" class=\"wpforms-field wpforms-field-textarea\" data-field-id=\"15\"><label class=\"wpforms-field-label\" for=\"wpforms-418-field_15\">Bemerkungen \/ Besonderes<\/label><textarea id=\"wpforms-418-field_15\" class=\"wpforms-field-medium\" name=\"wpforms[fields][15]\" aria-errormessage=\"wpforms-418-field_15-error\" ><\/textarea><\/div><div id=\"wpforms-418-field_16-container\" class=\"wpforms-field wpforms-field-name\" data-field-id=\"16\"><fieldset><legend class=\"wpforms-field-label\">Ansprechperson <span class=\"wpforms-required-label\" aria-hidden=\"true\">*<\/span><\/legend><div class=\"wpforms-field-row wpforms-field-large\"><div class=\"wpforms-field-row-block wpforms-first wpforms-one-half\"><input type=\"text\" id=\"wpforms-418-field_16\" class=\"wpforms-field-name-first wpforms-field-required\" name=\"wpforms[fields][16][first]\" aria-errormessage=\"wpforms-418-field_16-error\" required><label for=\"wpforms-418-field_16\" class=\"wpforms-field-sublabel after\">Vorname<\/label><\/div><div class=\"wpforms-field-row-block wpforms-one-half\"><input type=\"text\" id=\"wpforms-418-field_16-last\" class=\"wpforms-field-name-last wpforms-field-required\" name=\"wpforms[fields][16][last]\" aria-errormessage=\"wpforms-418-field_16-last-error\" required><label for=\"wpforms-418-field_16-last\" class=\"wpforms-field-sublabel after\">Nachname<\/label><\/div><\/div><\/fieldset><\/div><div id=\"wpforms-418-field_17-container\" class=\"wpforms-field wpforms-field-text\" data-field-id=\"17\"><label class=\"wpforms-field-label\" for=\"wpforms-418-field_17\">Verschiebedatum<\/label><input type=\"text\" id=\"wpforms-418-field_17\" class=\"wpforms-field-large\" name=\"wpforms[fields][17]\" aria-errormessage=\"wpforms-418-field_17-error\" ><\/div><div id=\"wpforms-418-field_18-container\" class=\"wpforms-field wpforms-field-radio wpforms-list-inline\" data-field-id=\"18\"><fieldset><legend class=\"wpforms-field-label\">Zusatzkurs m\u00f6glich?<\/legend><ul id=\"wpforms-418-field_18\"><li class=\"choice-1 depth-1\"><input type=\"radio\" id=\"wpforms-418-field_18_1\" name=\"wpforms[fields][18]\" value=\"Ja\" aria-errormessage=\"wpforms-418-field_18_1-error\"  ><label class=\"wpforms-field-label-inline\" for=\"wpforms-418-field_18_1\">Ja<\/label><\/li><li class=\"choice-2 depth-1\"><input type=\"radio\" id=\"wpforms-418-field_18_2\" name=\"wpforms[fields][18]\" value=\"Nein\" aria-errormessage=\"wpforms-418-field_18_2-error\"  ><label class=\"wpforms-field-label-inline\" for=\"wpforms-418-field_18_2\">Nein<\/label><\/li><\/ul><\/fieldset><\/div><div id=\"wpforms-418-field_19-container\" class=\"wpforms-field wpforms-field-radio wpforms-list-inline\" data-field-id=\"19\"><fieldset><legend class=\"wpforms-field-label\">Ist der Kurs wetterabh\u00e4ngig?<\/legend><ul id=\"wpforms-418-field_19\"><li class=\"choice-1 depth-1\"><input type=\"radio\" id=\"wpforms-418-field_19_1\" name=\"wpforms[fields][19]\" value=\"Ja\" aria-errormessage=\"wpforms-418-field_19_1-error\"  ><label class=\"wpforms-field-label-inline\" for=\"wpforms-418-field_19_1\">Ja<\/label><\/li><li class=\"choice-2 depth-1\"><input type=\"radio\" id=\"wpforms-418-field_19_2\" name=\"wpforms[fields][19]\" value=\"Nein\" aria-errormessage=\"wpforms-418-field_19_2-error\"  ><label class=\"wpforms-field-label-inline\" for=\"wpforms-418-field_19_2\">Nein<\/label><\/li><\/ul><\/fieldset><\/div><div id=\"wpforms-418-field_20-container\" class=\"wpforms-field wpforms-field-text\" data-field-id=\"20\"><label class=\"wpforms-field-label\" for=\"wpforms-418-field_20\">Unkosten (pro Kind oder pauschal) <span class=\"wpforms-required-label\" aria-hidden=\"true\">*<\/span><\/label><input type=\"text\" id=\"wpforms-418-field_20\" class=\"wpforms-field-large wpforms-field-required\" name=\"wpforms[fields][20]\" aria-errormessage=\"wpforms-418-field_20-error\" required><\/div><div id=\"wpforms-418-field_21-container\" class=\"wpforms-field wpforms-field-radio wpforms-list-inline\" data-field-id=\"21\"><fieldset><legend class=\"wpforms-field-label\">Begleitpersonen ben\u00f6tigt? (vom Ferienpass gestellt) <span class=\"wpforms-required-label\" aria-hidden=\"true\">*<\/span><\/legend><ul id=\"wpforms-418-field_21\" class=\"wpforms-field-required\"><li class=\"choice-1 depth-1\"><input type=\"radio\" id=\"wpforms-418-field_21_1\" name=\"wpforms[fields][21]\" value=\"Ja\" aria-errormessage=\"wpforms-418-field_21_1-error\" required ><label class=\"wpforms-field-label-inline\" for=\"wpforms-418-field_21_1\">Ja<\/label><\/li><li class=\"choice-2 depth-1\"><input type=\"radio\" id=\"wpforms-418-field_21_2\" name=\"wpforms[fields][21]\" value=\"Nein\" aria-errormessage=\"wpforms-418-field_21_2-error\" required ><label class=\"wpforms-field-label-inline\" for=\"wpforms-418-field_21_2\">Nein<\/label><\/li><\/ul><\/fieldset><\/div><div id=\"wpforms-418-field_22-container\" class=\"wpforms-field wpforms-field-text\" data-field-id=\"22\"><label class=\"wpforms-field-label\" for=\"wpforms-418-field_22\">&#8230;wenn ja, wie viele?<\/label><input type=\"text\" id=\"wpforms-418-field_22\" class=\"wpforms-field-large\" name=\"wpforms[fields][22]\" aria-errormessage=\"wpforms-418-field_22-error\" ><\/div><script>\n\t\t\t\t( function() {\n\t\t\t\t\tconst style = document.createElement( 'style' );\n\t\t\t\t\tstyle.appendChild( document.createTextNode( '#wpforms-418-field_23-container { position: absolute !important; overflow: hidden !important; display: inline !important; height: 1px !important; width: 1px !important; z-index: -1000 !important; padding: 0 !important; } #wpforms-418-field_23-container input { visibility: hidden; } #wpforms-conversational-form-page #wpforms-418-field_23-container label { counter-increment: none; }' ) );\n\t\t\t\t\tdocument.head.appendChild( style );\n\t\t\t\t\tdocument.currentScript?.remove();\n\t\t\t\t} )();\n\t\t\t<\/script><\/div><!-- .wpforms-field-container --><div class=\"wpforms-submit-container\" ><input type=\"hidden\" name=\"wpforms[id]\" value=\"418\"><input type=\"hidden\" name=\"page_title\" value=\"\"><input type=\"hidden\" name=\"page_url\" value=\"https:\/\/ferienpassbonaduz.ch\/index.php\/wp-json\/wp\/v2\/pages\/322\"><input type=\"hidden\" name=\"url_referer\" value=\"\"><button type=\"submit\" name=\"wpforms[submit]\" id=\"wpforms-submit-418\" class=\"wpforms-submit\" data-alt-text=\"Wird gesendet\u00a0\u2026\" data-submit-text=\"Absenden\" aria-live=\"assertive\" value=\"wpforms-submit\">Absenden<\/button><img loading=\"lazy\" decoding=\"async\" src=\"https:\/\/ferienpassbonaduz.ch\/wp-content\/plugins\/wpforms-lite\/assets\/images\/submit-spin.svg\" class=\"wpforms-submit-spinner\" style=\"display: none;\" width=\"26\" height=\"26\" alt=\"Wird geladen\"><\/div><\/form><\/div>  <!-- .wpforms-container -->\n\n\n<p><\/p>\n","protected":false},"excerpt":{"rendered":"<p>Hast du eine gute Idee und m\u00f6chtest einen Kurs f\u00fcr den Ferien(s)pass Bonaduz anbieten? Dann erfasse bitte die ben\u00f6tigten Angaben [&hellip;]<\/p>\n","protected":false},"author":1,"featured_media":0,"parent":0,"menu_order":0,"comment_status":"closed","ping_status":"closed","template":"","meta":{"site-sidebar-layout":"default","site-content-layout":"","ast-site-content-layout":"","site-content-style":"default","site-sidebar-style":"default","ast-global-header-display":"","ast-banner-title-visibility":"","ast-main-header-display":"","ast-hfb-above-header-display":"","ast-hfb-below-header-display":"","ast-hfb-mobile-header-display":"","site-post-title":"disabled","ast-breadcrumbs-content":"","ast-featured-img":"","footer-sml-layout":"","theme-transparent-header-meta":"","adv-header-id-meta":"","stick-header-meta":"","header-above-stick-meta":"","header-main-stick-meta":"","header-below-stick-meta":"","astra-migrate-meta-layouts":"default","ast-page-background-enabled":"default","ast-page-background-meta":{"desktop":{"background-color":"var(--ast-global-color-5)","background-image":"","background-repeat":"repeat","background-position":"center center","background-size":"auto","background-attachment":"scroll","background-type":"","background-media":"","overlay-type":"","overlay-color":"","overlay-opacity":"","overlay-gradient":""},"tablet":{"background-color":"","background-image":"","background-repeat":"repeat","background-position":"center center","background-size":"auto","background-attachment":"scroll","background-type":"","background-media":"","overlay-type":"","overlay-color":"","overlay-opacity":"","overlay-gradient":""},"mobile":{"background-color":"","background-image":"","background-repeat":"repeat","background-position":"center center","background-size":"auto","background-attachment":"scroll","background-type":"","background-media":"","overlay-type":"","overlay-color":"","overlay-opacity":"","overlay-gradient":""}},"ast-content-background-meta":{"desktop":{"background-color":"var(--ast-global-color-4)","background-image":"","background-repeat":"repeat","background-position":"center center","background-size":"auto","background-attachment":"scroll","background-type":"","background-media":"","overlay-type":"","overlay-color":"","overlay-opacity":"","overlay-gradient":""},"tablet":{"background-color":"var(--ast-global-color-4)","background-image":"","background-repeat":"repeat","background-position":"center center","background-size":"auto","background-attachment":"scroll","background-type":"","background-media":"","overlay-type":"","overlay-color":"","overlay-opacity":"","overlay-gradient":""},"mobile":{"background-color":"var(--ast-global-color-4)","background-image":"","background-repeat":"repeat","background-position":"center center","background-size":"auto","background-attachment":"scroll","background-type":"","background-media":"","overlay-type":"","overlay-color":"","overlay-opacity":"","overlay-gradient":""}},"footnotes":""},"class_list":["post-322","page","type-page","status-publish","hentry"],"jetpack_sharing_enabled":true,"_links":{"self":[{"href":"https:\/\/ferienpassbonaduz.ch\/index.php\/wp-json\/wp\/v2\/pages\/322","targetHints":{"allow":["GET"]}}],"collection":[{"href":"https:\/\/ferienpassbonaduz.ch\/index.php\/wp-json\/wp\/v2\/pages"}],"about":[{"href":"https:\/\/ferienpassbonaduz.ch\/index.php\/wp-json\/wp\/v2\/types\/page"}],"author":[{"embeddable":true,"href":"https:\/\/ferienpassbonaduz.ch\/index.php\/wp-json\/wp\/v2\/users\/1"}],"replies":[{"embeddable":true,"href":"https:\/\/ferienpassbonaduz.ch\/index.php\/wp-json\/wp\/v2\/comments?post=322"}],"version-history":[{"count":16,"href":"https:\/\/ferienpassbonaduz.ch\/index.php\/wp-json\/wp\/v2\/pages\/322\/revisions"}],"predecessor-version":[{"id":636,"href":"https:\/\/ferienpassbonaduz.ch\/index.php\/wp-json\/wp\/v2\/pages\/322\/revisions\/636"}],"wp:attachment":[{"href":"https:\/\/ferienpassbonaduz.ch\/index.php\/wp-json\/wp\/v2\/media?parent=322"}],"curies":[{"name":"wp","href":"https:\/\/api.w.org\/{rel}","templated":true}]}}