{"id":236,"date":"2024-11-17T16:24:14","date_gmt":"2024-11-17T16:24:14","guid":{"rendered":"https:\/\/ferienspass-bonaduz.com\/?page_id=236"},"modified":"2025-03-22T09:00:35","modified_gmt":"2025-03-22T09:00:35","slug":"sponsoren-und-helfer","status":"publish","type":"page","link":"https:\/\/ferienpassbonaduz.ch\/index.php\/sponsoren-und-helfer\/","title":{"rendered":"Sponsoren und Helfer"},"content":{"rendered":"\n<p>Ohne die Unterst\u00fctzung vieler Helferinnen und Helfer, Beh\u00f6rden und anderer Institutionen w\u00e4re die Durchf\u00fchrung des Ferien(s)pass Bonaduz nicht m\u00f6glich.<\/p>\n\n\n\n<p>Darum danken wir an dieser Stelle ganz herzlich:<\/p>\n\n\n\n<ul class=\"wp-block-list\">\n<li>der 4. Klasse von Frau Epli f\u00fcr die sch\u00f6nen Plakate<\/li>\n\n\n\n<li>den Inserent:innen<\/li>\n\n\n\n<li>der&nbsp;<a href=\"http:\/\/www.bonaduz.ch\/\" target=\"_blank\" rel=\"noreferrer noopener\">Gemeinde Bonaduz<\/a><\/li>\n\n\n\n<li>der&nbsp;<a href=\"http:\/\/www.buergergemeinde-bonaduz.ch\/\" target=\"_blank\" rel=\"noreferrer noopener\">B\u00fcrgergemeinde Bonaduz<\/a><\/li>\n\n\n\n<li>der katholischen Kirchgemeinde Bonaduz<\/li>\n\n\n\n<li>der reformierten Kirchgemeinde Tamins-Bonaduz-Rh\u00e4z\u00fcns<\/li>\n\n\n\n<li>dem&nbsp;<a href=\"https:\/\/www.gkb.ch\/de\/ueber-uns\/engagement\/verbundenheit\/beitragsfonds\" target=\"_blank\" rel=\"noreferrer noopener\">Beitragsfonds der Graub\u00fcndner Kantonalbank<\/a><\/li>\n\n\n\n<li>Carmen Gredig und Denise Salutt vom Bahnhof Bonaduz<\/li>\n\n\n\n<li><a href=\"http:\/\/www.coop.ch\/de.html\" target=\"_blank\" rel=\"noreferrer noopener\">Coop<\/a><\/li>\n\n\n\n<li>der OG27 Gruppe Trimmis<\/li>\n\n\n\n<li>allen Kursleiter:innen und Helfer:innen f\u00fcr ihren unentgeltlichen Einsatz<\/li>\n<\/ul>\n\n\n\n<p><\/p>\n\n\n\n<h3 class=\"wp-block-heading\"><strong>Ferien(s)pass-B\u00fcechli\/Webseite<\/strong><\/h3>\n\n\n\n<p>Ganz besonderer Dank gilt Janine Bergamin,&nbsp;<a href=\"http:\/\/www.gz1.ch\/\" target=\"_blank\" rel=\"noreferrer noopener\">Grafik Z + 1<\/a>, die seit Jahren unser Kursb\u00fcchlein gestaltet, und Pius Bergamin, der mit seinen&nbsp;<a href=\"https:\/\/gz1.ch\/index.php\/about\/zeichnungen-karikaturen\" target=\"_blank\" rel=\"noreferrer noopener\">kreativen Zeichnungen<\/a>&nbsp;unserem B\u00fcchlein zu seinem individuellen Aussehen verhilft.<br>Den Druck konnten wir wie immer bei&nbsp;<a href=\"https:\/\/copyprint-rizzi.ch\/\" target=\"_blank\" rel=\"noreferrer noopener\">Copy Print Rizzi<\/a>&nbsp;in Thusis unkompliziert, g\u00fcnstig und verl\u00e4sslich durchf\u00fchren.<\/p>\n\n\n\n<p>Herzlichen Dank, dass wir immer wieder auf euch z\u00e4hlen d\u00fcrfen!<\/p>\n\n\n\n<p><\/p>\n","protected":false},"excerpt":{"rendered":"<p>Ohne die Unterst\u00fctzung vieler Helferinnen und Helfer, Beh\u00f6rden und anderer Institutionen w\u00e4re die Durchf\u00fchrung des Ferien(s)pass Bonaduz nicht m\u00f6glich. Darum [&hellip;]<\/p>\n","protected":false},"author":1,"featured_media":0,"parent":0,"menu_order":0,"comment_status":"closed","ping_status":"closed","template":"","meta":{"site-sidebar-layout":"default","site-content-layout":"","ast-site-content-layout":"","site-content-style":"default","site-sidebar-style":"default","ast-global-header-display":"","ast-banner-title-visibility":"","ast-main-header-display":"","ast-hfb-above-header-display":"","ast-hfb-below-header-display":"","ast-hfb-mobile-header-display":"","site-post-title":"disabled","ast-breadcrumbs-content":"","ast-featured-img":"","footer-sml-layout":"","theme-transparent-header-meta":"","adv-header-id-meta":"","stick-header-meta":"","header-above-stick-meta":"","header-main-stick-meta":"","header-below-stick-meta":"","astra-migrate-meta-layouts":"default","ast-page-background-enabled":"default","ast-page-background-meta":{"desktop":{"background-color":"var(--ast-global-color-5)","background-image":"","background-repeat":"repeat","background-position":"center center","background-size":"auto","background-attachment":"scroll","background-type":"","background-media":"","overlay-type":"","overlay-color":"","overlay-opacity":"","overlay-gradient":""},"tablet":{"background-color":"","background-image":"","background-repeat":"repeat","background-position":"center center","background-size":"auto","background-attachment":"scroll","background-type":"","background-media":"","overlay-type":"","overlay-color":"","overlay-opacity":"","overlay-gradient":""},"mobile":{"background-color":"","background-image":"","background-repeat":"repeat","background-position":"center center","background-size":"auto","background-attachment":"scroll","background-type":"","background-media":"","overlay-type":"","overlay-color":"","overlay-opacity":"","overlay-gradient":""}},"ast-content-background-meta":{"desktop":{"background-color":"var(--ast-global-color-4)","background-image":"","background-repeat":"repeat","background-position":"center center","background-size":"auto","background-attachment":"scroll","background-type":"","background-media":"","overlay-type":"","overlay-color":"","overlay-opacity":"","overlay-gradient":""},"tablet":{"background-color":"var(--ast-global-color-4)","background-image":"","background-repeat":"repeat","background-position":"center center","background-size":"auto","background-attachment":"scroll","background-type":"","background-media":"","overlay-type":"","overlay-color":"","overlay-opacity":"","overlay-gradient":""},"mobile":{"background-color":"var(--ast-global-color-4)","background-image":"","background-repeat":"repeat","background-position":"center center","background-size":"auto","background-attachment":"scroll","background-type":"","background-media":"","overlay-type":"","overlay-color":"","overlay-opacity":"","overlay-gradient":""}},"footnotes":""},"class_list":["post-236","page","type-page","status-publish","hentry"],"jetpack_sharing_enabled":true,"_links":{"self":[{"href":"https:\/\/ferienpassbonaduz.ch\/index.php\/wp-json\/wp\/v2\/pages\/236","targetHints":{"allow":["GET"]}}],"collection":[{"href":"https:\/\/ferienpassbonaduz.ch\/index.php\/wp-json\/wp\/v2\/pages"}],"about":[{"href":"https:\/\/ferienpassbonaduz.ch\/index.php\/wp-json\/wp\/v2\/types\/page"}],"author":[{"embeddable":true,"href":"https:\/\/ferienpassbonaduz.ch\/index.php\/wp-json\/wp\/v2\/users\/1"}],"replies":[{"embeddable":true,"href":"https:\/\/ferienpassbonaduz.ch\/index.php\/wp-json\/wp\/v2\/comments?post=236"}],"version-history":[{"count":9,"href":"https:\/\/ferienpassbonaduz.ch\/index.php\/wp-json\/wp\/v2\/pages\/236\/revisions"}],"predecessor-version":[{"id":673,"href":"https:\/\/ferienpassbonaduz.ch\/index.php\/wp-json\/wp\/v2\/pages\/236\/revisions\/673"}],"wp:attachment":[{"href":"https:\/\/ferienpassbonaduz.ch\/index.php\/wp-json\/wp\/v2\/media?parent=236"}],"curies":[{"name":"wp","href":"https:\/\/api.w.org\/{rel}","templated":true}]}}