{"id":177,"date":"2024-11-16T15:57:48","date_gmt":"2024-11-16T15:57:48","guid":{"rendered":"https:\/\/ferienspass-bonaduz.com\/?page_id=177"},"modified":"2025-08-01T15:52:39","modified_gmt":"2025-08-01T15:52:39","slug":"kontakt-und-team","status":"publish","type":"page","link":"https:\/\/ferienpassbonaduz.ch\/index.php\/kontakt-und-team\/","title":{"rendered":"Kontakt und Team"},"content":{"rendered":"\n\n\n<h3 class=\"wp-block-heading\">Kontakt und Team<\/h3>\n\n\n\n<div class=\"wp-block-stackable-columns stk-block-columns stk-block stk-1085f0a\" data-block-id=\"1085f0a\"><style>.stk-1085f0a-column{flex-wrap:wrap !important;--stk-flex-grow:0 !important;}<\/style><div class=\"stk-row stk-inner-blocks stk-block-content stk-content-align stk-1085f0a-column\">\n<div class=\"wp-block-stackable-column stk-block-column stk-column stk-block stk-96cf10f\" data-v=\"4\" data-block-id=\"96cf10f\"><style>@media screen and (min-width: 768px){.stk-96cf10f {flex:var(--stk-flex-grow, 1) 1 calc(60.69999999999999% - var(--stk-column-gap, 0px) * 1 \/ 2 ) !important;}}<\/style><div class=\"stk-column-wrapper stk-block-column__content stk-container stk-96cf10f-container stk--no-background stk--no-padding\"><div class=\"stk-block-content stk-inner-blocks stk-96cf10f-inner-blocks\">\n<figure class=\"wp-block-image\"><img decoding=\"async\" src=\"https:\/\/ferienpassbonaduz.ch\/wp-content\/uploads\/2025\/03\/Ferienspass-DSC_3442-korr-2-1024x683.jpg\" alt=\"\"\/><\/figure>\n\n\n\n<p class=\"has-small-font-size\">v.l.n.r.: Laura Salerno, Angela Salerno, Nadja Eigner, Martina Cavelti, Simone Heinrich, Sandra Caluori, Nicole Tschal\u00e8r, Charlotte Caviezel, D\u00e9sir\u00e9e Gees, Claudia Kring<\/p>\n\n\n\n<h3 class=\"wp-block-heading\"><\/h3>\n\n\n\n<p>Sechs Wochen Sommerferien k\u00f6nnen ganz sch\u00f6n lang sein. 1993 gegr\u00fcndet, verk\u00fcrzt der Ferien(s)pass Bonaduz Kindern und Jugendlichen die Zeit mit tollen Erlebnissen: Sie lernen andere Kinder kennen, k\u00f6nnen etwas Neues ausprobieren und vielleicht neue Hobbys entdecken. Doch vor allem bietet der Ferien(s)pass eines: jede Menge Spass f\u00fcr alle, sei es f\u00fcr Teilnehmende, Begleitpersonen oder das Organisationsteam.<\/p>\n\n\n\n<p>Wir sind dabei \u2013 du auch?<\/p>\n\n\n\n<p>Verst\u00e4rkung f\u00fcr unser Team ist immer willkommen! Wer Spass daran hat, etwas zum Gelingen des Ferien(s)pass beizutragen \u2013 sei es mit kreativen Ideen, Organisationstalent oder auch \u00abnur\u00bb guter Laune \u2013 kann sich einfach melden und unverbindlich in die Organisation des Ferien(s)pass hineinschnuppern.<\/p>\n\n\n\n<p><\/p>\n<\/div><\/div><\/div>\n\n\n\n<div class=\"wp-block-stackable-column stk-block-column stk-column stk-block stk-1237d34\" data-v=\"4\" data-block-id=\"1237d34\"><style>.stk-1237d34-container{margin-top:0px !important;margin-right:0px !important;margin-bottom:0px !important;margin-left:0px !important;}@media screen and (min-width: 768px){.stk-1237d34 {flex:var(--stk-flex-grow, 1) 1 calc(31.8% - var(--stk-column-gap, 0px) * 1 \/ 2 ) !important;}}<\/style><div class=\"stk-column-wrapper stk-block-column__content stk-container stk-1237d34-container stk--no-background stk--no-padding\"><div class=\"stk-block-content stk-inner-blocks stk-1237d34-inner-blocks\">\n<h3 class=\"wp-block-heading\"><\/h3>\n\n\n\n<p><strong>Ferien(s)pass Bonaduz<\/strong><br>D\u00e9sir\u00e9e Gees<br>Via Salens 17, 7402 Bonaduz<\/p>\n\n\n\n<p>E-Mail:&nbsp;<a href=\"mailto:info@ferienpassbonaduz.ch\">info@ferienpassbonaduz.ch<\/a><\/p>\n\n\n\n<div class=\"wp-block-group is-layout-constrained wp-block-group-is-layout-constrained\">\n<div class=\"wp-block-stackable-columns stk-block-columns stk-block stk-1600ffc\" data-block-id=\"1600ffc\"><div class=\"stk-row stk-inner-blocks stk-block-content stk-content-align stk-1600ffc-column\">\n<div class=\"wp-block-stackable-column stk-block-column stk-column stk-block stk-139ad71\" data-v=\"4\" data-block-id=\"139ad71\"><div class=\"stk-column-wrapper stk-block-column__content stk-container stk-139ad71-container stk--no-background stk--no-padding\"><div class=\"stk-block-content stk-inner-blocks stk-139ad71-inner-blocks\">\n<ul class=\"wp-block-list\">\n<li>D\u00e9sir\u00e9e Gees 076 334 75 75<\/li>\n\n\n\n<li>Sandra Caluori 078 678 27 19<\/li>\n\n\n\n<li>Claudia Kring 079 138 27 40<\/li>\n\n\n\n<li>Nicole Tschal\u00e8r 079 768 34 64<\/li>\n\n\n\n<li>Simone Heinrich 076 389 20 65<\/li>\n\n\n\n<li>Charlotte Caviezel 079 697 26 85<\/li>\n\n\n\n<li>Angela Salerno 078 645 12 84<\/li>\n\n\n\n<li>Nadja Eigner 078 933 36 37<\/li>\n\n\n\n<li>Laura Salerno 078 699 04 40<\/li>\n\n\n\n<li>Martina Cavelti 078 729 59 03<\/li>\n<\/ul>\n<\/div><\/div><\/div>\n<\/div><\/div>\n<\/div>\n\n\n\n<p><\/p>\n\n\n\n<p><\/p>\n\n\n\n<p><\/p>\n\n\n\n<p><\/p>\n\n\n\n<p><\/p>\n\n\n\n<h3 class=\"wp-block-heading\">Bankverbindung<\/h3>\n\n\n\n<p>Raiffeisenbank B\u00fcndner Rheintal, 7001 Chur<br>IBAN CH43 8080 8002 2573 15042<br>zu Gunsten: Ferienpass Bonaduz, 7402 Bonaduz<\/p>\n<\/div><\/div><\/div>\n<\/div><\/div>\n\n\n\n\n\n<p><\/p>\n","protected":false},"excerpt":{"rendered":"<p>Kontakt und Team v.l.n.r.: Laura Salerno, Angela Salerno, Nadja Eigner, Martina Cavelti, Simone Heinrich, Sandra Caluori, Nicole Tschal\u00e8r, Charlotte Caviezel, [&hellip;]<\/p>\n","protected":false},"author":1,"featured_media":600,"parent":0,"menu_order":0,"comment_status":"closed","ping_status":"closed","template":"","meta":{"site-sidebar-layout":"default","site-content-layout":"","ast-site-content-layout":"","site-content-style":"default","site-sidebar-style":"default","ast-global-header-display":"","ast-banner-title-visibility":"","ast-main-header-display":"","ast-hfb-above-header-display":"","ast-hfb-below-header-display":"","ast-hfb-mobile-header-display":"","site-post-title":"disabled","ast-breadcrumbs-content":"","ast-featured-img":"disabled","footer-sml-layout":"","theme-transparent-header-meta":"","adv-header-id-meta":"","stick-header-meta":"","header-above-stick-meta":"","header-main-stick-meta":"","header-below-stick-meta":"","astra-migrate-meta-layouts":"default","ast-page-background-enabled":"default","ast-page-background-meta":{"desktop":{"background-color":"var(--ast-global-color-5)","background-image":"","background-repeat":"repeat","background-position":"center center","background-size":"auto","background-attachment":"scroll","background-type":"","background-media":"","overlay-type":"","overlay-color":"","overlay-opacity":"","overlay-gradient":""},"tablet":{"background-color":"","background-image":"","background-repeat":"repeat","background-position":"center center","background-size":"auto","background-attachment":"scroll","background-type":"","background-media":"","overlay-type":"","overlay-color":"","overlay-opacity":"","overlay-gradient":""},"mobile":{"background-color":"","background-image":"","background-repeat":"repeat","background-position":"center center","background-size":"auto","background-attachment":"scroll","background-type":"","background-media":"","overlay-type":"","overlay-color":"","overlay-opacity":"","overlay-gradient":""}},"ast-content-background-meta":{"desktop":{"background-color":"var(--ast-global-color-4)","background-image":"","background-repeat":"repeat","background-position":"center center","background-size":"auto","background-attachment":"scroll","background-type":"","background-media":"","overlay-type":"","overlay-color":"","overlay-opacity":"","overlay-gradient":""},"tablet":{"background-color":"var(--ast-global-color-4)","background-image":"","background-repeat":"repeat","background-position":"center center","background-size":"auto","background-attachment":"scroll","background-type":"","background-media":"","overlay-type":"","overlay-color":"","overlay-opacity":"","overlay-gradient":""},"mobile":{"background-color":"var(--ast-global-color-4)","background-image":"","background-repeat":"repeat","background-position":"center center","background-size":"auto","background-attachment":"scroll","background-type":"","background-media":"","overlay-type":"","overlay-color":"","overlay-opacity":"","overlay-gradient":""}},"footnotes":""},"class_list":["post-177","page","type-page","status-publish","has-post-thumbnail","hentry"],"jetpack_sharing_enabled":true,"_links":{"self":[{"href":"https:\/\/ferienpassbonaduz.ch\/index.php\/wp-json\/wp\/v2\/pages\/177","targetHints":{"allow":["GET"]}}],"collection":[{"href":"https:\/\/ferienpassbonaduz.ch\/index.php\/wp-json\/wp\/v2\/pages"}],"about":[{"href":"https:\/\/ferienpassbonaduz.ch\/index.php\/wp-json\/wp\/v2\/types\/page"}],"author":[{"embeddable":true,"href":"https:\/\/ferienpassbonaduz.ch\/index.php\/wp-json\/wp\/v2\/users\/1"}],"replies":[{"embeddable":true,"href":"https:\/\/ferienpassbonaduz.ch\/index.php\/wp-json\/wp\/v2\/comments?post=177"}],"version-history":[{"count":22,"href":"https:\/\/ferienpassbonaduz.ch\/index.php\/wp-json\/wp\/v2\/pages\/177\/revisions"}],"predecessor-version":[{"id":883,"href":"https:\/\/ferienpassbonaduz.ch\/index.php\/wp-json\/wp\/v2\/pages\/177\/revisions\/883"}],"wp:featuredmedia":[{"embeddable":true,"href":"https:\/\/ferienpassbonaduz.ch\/index.php\/wp-json\/wp\/v2\/media\/600"}],"wp:attachment":[{"href":"https:\/\/ferienpassbonaduz.ch\/index.php\/wp-json\/wp\/v2\/media?parent=177"}],"curies":[{"name":"wp","href":"https:\/\/api.w.org\/{rel}","templated":true}]}}